{"id":3626,"date":"2020-11-20T07:30:05","date_gmt":"2020-11-20T06:30:05","guid":{"rendered":"https:\/\/www.historicalcollections.deib.polimi.it\/?page_id=3626"},"modified":"2020-12-08T18:57:06","modified_gmt":"2020-12-08T17:57:06","slug":"divisumma24","status":"publish","type":"page","link":"https:\/\/www.historicalcollections.deib.polimi.it\/en\/collezioni\/informatica-collezioni\/divisumma24\/","title":{"rendered":"DIVISUMMA 24"},"content":{"rendered":"<!-- ngg_resource_manager_marker --><!-- ngg_resource_manager_marker --><div  class=\"content-7m content-section-spacing-large content-section content-relative\" id=\"content-8\" style=\"background-color: #ffffff; background-image: none;\" data-id=\"content--8\" data-label=\"Content\" data-category=\"content\" data-export-id=\"content-7-materialis\">\n<div  class=\"gridContainer\">\n<div  class=\"row middle-sm\">\n<div  class=\"col-md-6 col-xs-12 col-sm-6 col-padding-small-xs\"><img decoding=\"async\"  class=\"mdc-elevation--z13 img-rounded zoooom\" src=\"https:\/\/www.historicalcollections.deib.polimi.it\/wp-content\/uploads\/2020\/07\/Olivetti-Divisumma-24-scaled.jpg\"><span  style=\"font-weight: 500;\"><\/span><\/div>\n<div  class=\"col-md-5 col-md-offset-1 col-xs-12 col-sm-6 content-left-sm col-padding-small-xs\" data-type=\"column\">\n<p  class=\"space-top\" style=\"text-align: justify;\">La Divisumma 24 \u00e8 una calcolatrice elettromeccanica che rispecchia i concetti di praticit\u00e0 e di innovazione tecnologica. Fu progettata per addizionare, sottrarre, moltiplicare e dividere velocemente a 250 cicli al minuto in sequenza, con un motore di 70 watt come fonte di alimentazione. Attraverso il suo utilizzo pu\u00f2 essere effettuata una grande variet\u00e0 di calcoli in un lasso di tempo breve e in modo automatico. Ogni fase di un calcolo e ogni risultato \u00e8 stampato per mezzo di un nastro inchiostrato in banda blu e rossa su un rotolo di carta. In effetti la modalit\u00e0 di utilizzo \u00e8 quasi completamente analoga a quella delle calcolatrici da ufficio attuali: possibilit\u00e0 di eseguire le quattro operazioni, un&#8217;unica tastiera numerica ridotta a dieci tasti per impostare tutti i termini dell&#8217;operazione e stampa dei risultati.<\/p>\n<a  class=\"button null color1 mdc-ripple-upgraded\" href=\"https:\/\/www.historicalcollections.deib.polimi.it\/en\/collezioni\/informatica-collezioni\/divisumma24\/divisumma24-app\/\" data-cp-link=\"1\" data-icon=\"mdi-arrow-right-bold-box-outline\" rel=\"noopener noreferrer\"><span  class=\"button-icon mdi mdi-arrow-right-bold-box-outline\"><\/span>INSIGHTS<\/a><\/div>\n<\/div>\n<\/div>\n<\/div>","protected":false},"excerpt":{"rendered":"","protected":false},"author":14,"featured_media":0,"parent":631,"menu_order":0,"comment_status":"closed","ping_status":"closed","template":"pro\/page-templates\/full-width-page.php","meta":{"footnotes":""},"class_list":["post-3626","page","type-page","status-publish","hentry"],"_links":{"self":[{"href":"https:\/\/www.historicalcollections.deib.polimi.it\/en\/wp-json\/wp\/v2\/pages\/3626","targetHints":{"allow":["GET"]}}],"collection":[{"href":"https:\/\/www.historicalcollections.deib.polimi.it\/en\/wp-json\/wp\/v2\/pages"}],"about":[{"href":"https:\/\/www.historicalcollections.deib.polimi.it\/en\/wp-json\/wp\/v2\/types\/page"}],"author":[{"embeddable":true,"href":"https:\/\/www.historicalcollections.deib.polimi.it\/en\/wp-json\/wp\/v2\/users\/14"}],"replies":[{"embeddable":true,"href":"https:\/\/www.historicalcollections.deib.polimi.it\/en\/wp-json\/wp\/v2\/comments?post=3626"}],"version-history":[{"count":5,"href":"https:\/\/www.historicalcollections.deib.polimi.it\/en\/wp-json\/wp\/v2\/pages\/3626\/revisions"}],"predecessor-version":[{"id":3727,"href":"https:\/\/www.historicalcollections.deib.polimi.it\/en\/wp-json\/wp\/v2\/pages\/3626\/revisions\/3727"}],"up":[{"embeddable":true,"href":"https:\/\/www.historicalcollections.deib.polimi.it\/en\/wp-json\/wp\/v2\/pages\/631"}],"wp:attachment":[{"href":"https:\/\/www.historicalcollections.deib.polimi.it\/en\/wp-json\/wp\/v2\/media?parent=3626"}],"curies":[{"name":"wp","href":"https:\/\/api.w.org\/{rel}","templated":true}]}}